{"id":3143,"date":"2021-09-21T07:58:22","date_gmt":"2021-09-21T07:58:22","guid":{"rendered":"https:\/\/teivasystems.com\/?page_id=3143"},"modified":"2023-05-02T08:06:45","modified_gmt":"2023-05-02T08:06:45","slug":"contact-us","status":"publish","type":"page","link":"https:\/\/teivasystems.com\/de\/contact-us\/","title":{"rendered":"Kontakt"},"content":{"rendered":"\r\n<section class=\"title-with-bg-wrapper \" style=\"background-image: url('https:\/\/teivasystems.com\/wp-content\/uploads\/2021\/04\/title_block_bg.svg')\">\r\n    <div class=\"title-with-bg-inner\">\r\n        <h1 class=\"with-line\">Kontakt<\/h1>\r\n                    <\/div>\r\n<\/section>\r\n\r\n\n\n<section class=\"contact-form-wrapper\">\r\n\r\n    \r\n    <div class=\"contact-form-container\">\r\n        <form action=\"https:\/\/teivasystems.com\/wp-admin\/admin-post.php\" class=\"left-part contact-form\" method=\"POST\">\r\n            <input type=\"text\" name=\"first_name\" placeholder=\"Vorname*\" required>\r\n            <input type=\"text\" name=\"last_name\" placeholder=\"Familienname*\" required>\r\n            <input type=\"email\" name=\"email\" placeholder=\"E-Mail*\" required>\r\n            <input type=\"text\" name=\"company\" placeholder=\"Unternehmen\">\r\n            <input type=\"text\" name=\"position\" placeholder=\"Ihre Position \/ Berufsbezeichnung\">\r\n            <textarea name=\"message\" placeholder=\"Ihre Nachricht\"><\/textarea>\r\n\r\n            <div class=\"gglcptch gglcptch_v2\"><div id=\"gglcptch_recaptcha_708185828\" class=\"gglcptch_recaptcha\"><\/div>\n\t\t\t\t<noscript>\n\t\t\t\t\t<div style=\"width: 302px;\">\n\t\t\t\t\t\t<div style=\"width: 302px; height: 422px; position: relative;\">\n\t\t\t\t\t\t\t<div style=\"width: 302px; height: 422px; position: absolute;\">\n\t\t\t\t\t\t\t\t<iframe src=\"https:\/\/www.google.com\/recaptcha\/api\/fallback?k=6LcyrgomAAAAAMJkPsCxCxpadQBV4qmi-lbUxJBj\" frameborder=\"0\" scrolling=\"no\" style=\"width: 302px; height:422px; border-style: none;\"><\/iframe>\n\t\t\t\t\t\t\t<\/div>\n\t\t\t\t\t\t<\/div>\n\t\t\t\t\t\t<div style=\"border-style: none; bottom: 12px; left: 25px; margin: 0px; padding: 0px; right: 25px; background: #f9f9f9; border: 1px solid #c1c1c1; border-radius: 3px; height: 60px; width: 300px;\">\n\t\t\t\t\t\t\t<textarea id=\"g-recaptcha-response\" name=\"g-recaptcha-response\" class=\"g-recaptcha-response\" style=\"width: 250px !important; height: 40px !important; border: 1px solid #c1c1c1 !important; margin: 10px 25px !important; padding: 0px !important; resize: none !important;\"><\/textarea>\n\t\t\t\t\t\t<\/div>\n\t\t\t\t\t<\/div>\n\t\t\t\t<\/noscript><\/div>\r\n            <div class=\"form-info-wrapper\">\r\n                <div class=\"agreement-wrapper\">\r\n                    <input type=\"checkbox\" id=\"agreement-checkbox\" required>\r\n                    <label for=\"agreement-checkbox\" class=\"agreement-label\">\r\n                        <span class=\"agreement-checker\"><\/span>\r\n                        <a href=\"\" class=\"agreement-link\">Privacy policy (GDPR)<\/a>\r\n                    <\/label>\r\n                <\/div>\r\n                <p class=\"tip-text\">* Pflichtfelder<\/p>\r\n            <\/div>\r\n            <button type=\"submit\" class=\"standard-btn red-btn\"><span class=\"inner-btn\">Abschicken<\/span><\/button>\r\n\r\n            <input type=\"hidden\" name=\"action\" value=\"contact_form\"><input type=\"hidden\" id=\"_wp_nonce\" name=\"_wp_nonce\" value=\"d00cd011f7\" \/><input type=\"hidden\" name=\"_wp_http_referer\" value=\"\/de\/wp-json\/wp\/v2\/pages\/3143\" \/>            <input type=\"hidden\" name=\"btn_click_reference_page_title\" value=\"\"><input type=\"hidden\" name=\"btn_click_reference_page_url\" value=\"\">        <\/form>\r\n\r\n                <div class=\"right-part\">\r\n            <h2 class=\"subtitle sws-std-font\"><b>Unsere Adressen<\/b>:<\/h2>\r\n                            <div class=\"contact-us-info-list\">\r\n                                            <div class=\"contact-us-info-item\">\r\n                            <p class=\"address-title\">DEUTSCHLAND<\/p>\r\n                            <p class=\"address-text\">Teiva Systems Germany GmbH<br>\r\n\u2028Bretonischer Ring 18,\r\n85630 Grasbrunn<br> Telefon: +49 1515 8070541<\/p>\r\n                        <\/div>\r\n                                            <div class=\"contact-us-info-item\">\r\n                            <p class=\"address-title\">SCHWEIZ<\/p>\r\n                            <p class=\"address-text\">Teiva Systems GmbH<br> \r\nKappelenring 14C Hinterkappelen, Bern, Schweiz 3032<\/p>\r\n                        <\/div>\r\n                                            <div class=\"contact-us-info-item\">\r\n                            <p class=\"address-title\">USA<\/p>\r\n                            <p class=\"address-text\">Teiva Systems LLC<br> \r\n411 Mirador Ct, Monterey, CA 93940<\/p>\r\n                        <\/div>\r\n                                            <div class=\"contact-us-info-item\">\r\n                            <p class=\"address-title\">LITAUEN\r\n<\/p>\r\n                            <p class=\"address-text\">Teiva Systems UAB<br> \r\nItalu g. 17A-2 Vilnius, Litauen 13282<\/p>\r\n                        <\/div>\r\n                                    <\/div>\r\n                    <\/div>\r\n            <\/div>\r\n<\/section>\r\n\r\n\n\n<section class=\"logos-list-wrapper\" style=\"background-color: #205170\">\r\n            <div class=\"logos-list\">\r\n                            <div class=\"logos-list-item\">\r\n                    <div class=\"logo-wrapper\">\r\n                        <img decoding=\"async\" src=\"https:\/\/teivasystems.com\/wp-content\/uploads\/2021\/04\/11_\u041c\u043e\u043d\u0442\u0430\u0436\u043d\u0430\u044f-\u043e\u0431\u043b\u0430\u0441\u0442\u044c-1.svg\" class=\"logo-image\" alt=\"\">\r\n                        <img decoding=\"async\" src=\"https:\/\/teivasystems.com\/wp-content\/uploads\/2021\/04\/12_\u041c\u043e\u043d\u0442\u0430\u0436\u043d\u0430\u044f-\u043e\u0431\u043b\u0430\u0441\u0442\u044c-1.svg\" class=\"logo-hover-image\" alt=\"\">\r\n                    <\/div>\r\n                <\/div>\r\n                            <div class=\"logos-list-item\">\r\n                    <div class=\"logo-wrapper\">\r\n                        <img decoding=\"async\" src=\"https:\/\/teivasystems.com\/wp-content\/uploads\/2021\/04\/21_\u041c\u043e\u043d\u0442\u0430\u0436\u043d\u0430\u044f-\u043e\u0431\u043b\u0430\u0441\u0442\u044c-1.svg\" class=\"logo-image\" alt=\"\">\r\n                        <img decoding=\"async\" src=\"https:\/\/teivasystems.com\/wp-content\/uploads\/2021\/04\/22_\u041c\u043e\u043d\u0442\u0430\u0436\u043d\u0430\u044f-\u043e\u0431\u043b\u0430\u0441\u0442\u044c-1.svg\" class=\"logo-hover-image\" alt=\"\">\r\n                    <\/div>\r\n                <\/div>\r\n                    <\/div>\r\n    <\/section>\r\n\r\n","protected":false},"excerpt":{"rendered":"","protected":false},"author":1,"featured_media":0,"parent":0,"menu_order":0,"comment_status":"closed","ping_status":"closed","template":"","meta":{"_acf_changed":false,"inline_featured_image":false,"footnotes":""},"class_list":["post-3143","page","type-page","status-publish","hentry"],"acf":[],"yoast_head":"<!-- This site is optimized with the Yoast SEO plugin v27.4 - https:\/\/yoast.com\/product\/yoast-seo-wordpress\/ -->\n<title>Kontakt von Teiva Systems. Schreiben Sie uns, um Antworten auf alle Fragen zu erhalten<\/title>\n<meta name=\"description\" content=\"Bei allen Fragen stehen wir Ihnen jederzeit gerne zur Verf\u00fcgung. Gerne beraten wir Sie umfassend in einem pers\u00f6nlichen Gespr\u00e4ch. Bleiben Sie mit uns \u00fcber die Kontakte auf dieser Seite in Kontakt\" \/>\n<meta name=\"robots\" content=\"index, follow, max-snippet:-1, max-image-preview:large, max-video-preview:-1\" \/>\n<link rel=\"canonical\" href=\"https:\/\/teivasystems.com\/de\/contact-us\/\" \/>\n<meta property=\"og:locale\" content=\"de_DE\" \/>\n<meta property=\"og:type\" content=\"article\" \/>\n<meta property=\"og:title\" content=\"Kontakt von Teiva Systems. Schreiben Sie uns, um Antworten auf alle Fragen zu erhalten\" \/>\n<meta property=\"og:description\" content=\"Bei allen Fragen stehen wir Ihnen jederzeit gerne zur Verf\u00fcgung. Gerne beraten wir Sie umfassend in einem pers\u00f6nlichen Gespr\u00e4ch. Bleiben Sie mit uns \u00fcber die Kontakte auf dieser Seite in Kontakt\" \/>\n<meta property=\"og:url\" content=\"https:\/\/teivasystems.com\/de\/contact-us\/\" \/>\n<meta property=\"og:site_name\" content=\"Teiva Systems\" \/>\n<meta property=\"article:publisher\" content=\"https:\/\/www.facebook.com\/teiva.systems\" \/>\n<meta property=\"article:modified_time\" content=\"2023-05-02T08:06:45+00:00\" \/>\n<meta name=\"twitter:card\" content=\"summary_large_image\" \/>\n<script type=\"application\/ld+json\" class=\"yoast-schema-graph\">{\"@context\":\"https:\\\/\\\/schema.org\",\"@graph\":[{\"@type\":\"WebPage\",\"@id\":\"https:\\\/\\\/teivasystems.com\\\/de\\\/contact-us\\\/\",\"url\":\"https:\\\/\\\/teivasystems.com\\\/de\\\/contact-us\\\/\",\"name\":\"Kontakt von Teiva Systems. Schreiben Sie uns, um Antworten auf alle Fragen zu erhalten\",\"isPartOf\":{\"@id\":\"https:\\\/\\\/teivasystems.com\\\/de\\\/#website\"},\"datePublished\":\"2021-09-21T07:58:22+00:00\",\"dateModified\":\"2023-05-02T08:06:45+00:00\",\"description\":\"Bei allen Fragen stehen wir Ihnen jederzeit gerne zur Verf\u00fcgung. Gerne beraten wir Sie umfassend in einem pers\u00f6nlichen Gespr\u00e4ch. Bleiben Sie mit uns \u00fcber die Kontakte auf dieser Seite in Kontakt\",\"breadcrumb\":{\"@id\":\"https:\\\/\\\/teivasystems.com\\\/de\\\/contact-us\\\/#breadcrumb\"},\"inLanguage\":\"de\",\"potentialAction\":[{\"@type\":\"ReadAction\",\"target\":[\"https:\\\/\\\/teivasystems.com\\\/de\\\/contact-us\\\/\"]}]},{\"@type\":\"BreadcrumbList\",\"@id\":\"https:\\\/\\\/teivasystems.com\\\/de\\\/contact-us\\\/#breadcrumb\",\"itemListElement\":[{\"@type\":\"ListItem\",\"position\":1,\"name\":\"Home\",\"item\":\"https:\\\/\\\/teivasystems.com\\\/de\\\/\"},{\"@type\":\"ListItem\",\"position\":2,\"name\":\"Kontakt\"}]},{\"@type\":\"WebSite\",\"@id\":\"https:\\\/\\\/teivasystems.com\\\/de\\\/#website\",\"url\":\"https:\\\/\\\/teivasystems.com\\\/de\\\/\",\"name\":\"Teiva Systems\",\"description\":\"ServiceNow application development, integration and customization\",\"publisher\":{\"@id\":\"https:\\\/\\\/teivasystems.com\\\/de\\\/#organization\"},\"potentialAction\":[{\"@type\":\"SearchAction\",\"target\":{\"@type\":\"EntryPoint\",\"urlTemplate\":\"https:\\\/\\\/teivasystems.com\\\/de\\\/?s={search_term_string}\"},\"query-input\":{\"@type\":\"PropertyValueSpecification\",\"valueRequired\":true,\"valueName\":\"search_term_string\"}}],\"inLanguage\":\"de\"},{\"@type\":\"Organization\",\"@id\":\"https:\\\/\\\/teivasystems.com\\\/de\\\/#organization\",\"name\":\"Teiva Systems\",\"url\":\"https:\\\/\\\/teivasystems.com\\\/de\\\/\",\"logo\":{\"@type\":\"ImageObject\",\"inLanguage\":\"de\",\"@id\":\"https:\\\/\\\/teivasystems.com\\\/de\\\/#\\\/schema\\\/logo\\\/image\\\/\",\"url\":\"https:\\\/\\\/teivasystems.com\\\/wp-content\\\/uploads\\\/2021\\\/06\\\/cropped-favicon.png\",\"contentUrl\":\"https:\\\/\\\/teivasystems.com\\\/wp-content\\\/uploads\\\/2021\\\/06\\\/cropped-favicon.png\",\"width\":254,\"height\":254,\"caption\":\"Teiva Systems\"},\"image\":{\"@id\":\"https:\\\/\\\/teivasystems.com\\\/de\\\/#\\\/schema\\\/logo\\\/image\\\/\"},\"sameAs\":[\"https:\\\/\\\/www.facebook.com\\\/teiva.systems\",\"https:\\\/\\\/www.linkedin.com\\\/company\\\/teiva-systems\"]}]}<\/script>\n<!-- \/ Yoast SEO plugin. -->","yoast_head_json":{"title":"Kontakt von Teiva Systems. Schreiben Sie uns, um Antworten auf alle Fragen zu erhalten","description":"Bei allen Fragen stehen wir Ihnen jederzeit gerne zur Verf\u00fcgung. Gerne beraten wir Sie umfassend in einem pers\u00f6nlichen Gespr\u00e4ch. Bleiben Sie mit uns \u00fcber die Kontakte auf dieser Seite in Kontakt","robots":{"index":"index","follow":"follow","max-snippet":"max-snippet:-1","max-image-preview":"max-image-preview:large","max-video-preview":"max-video-preview:-1"},"canonical":"https:\/\/teivasystems.com\/de\/contact-us\/","og_locale":"de_DE","og_type":"article","og_title":"Kontakt von Teiva Systems. Schreiben Sie uns, um Antworten auf alle Fragen zu erhalten","og_description":"Bei allen Fragen stehen wir Ihnen jederzeit gerne zur Verf\u00fcgung. Gerne beraten wir Sie umfassend in einem pers\u00f6nlichen Gespr\u00e4ch. Bleiben Sie mit uns \u00fcber die Kontakte auf dieser Seite in Kontakt","og_url":"https:\/\/teivasystems.com\/de\/contact-us\/","og_site_name":"Teiva Systems","article_publisher":"https:\/\/www.facebook.com\/teiva.systems","article_modified_time":"2023-05-02T08:06:45+00:00","twitter_card":"summary_large_image","schema":{"@context":"https:\/\/schema.org","@graph":[{"@type":"WebPage","@id":"https:\/\/teivasystems.com\/de\/contact-us\/","url":"https:\/\/teivasystems.com\/de\/contact-us\/","name":"Kontakt von Teiva Systems. Schreiben Sie uns, um Antworten auf alle Fragen zu erhalten","isPartOf":{"@id":"https:\/\/teivasystems.com\/de\/#website"},"datePublished":"2021-09-21T07:58:22+00:00","dateModified":"2023-05-02T08:06:45+00:00","description":"Bei allen Fragen stehen wir Ihnen jederzeit gerne zur Verf\u00fcgung. Gerne beraten wir Sie umfassend in einem pers\u00f6nlichen Gespr\u00e4ch. Bleiben Sie mit uns \u00fcber die Kontakte auf dieser Seite in Kontakt","breadcrumb":{"@id":"https:\/\/teivasystems.com\/de\/contact-us\/#breadcrumb"},"inLanguage":"de","potentialAction":[{"@type":"ReadAction","target":["https:\/\/teivasystems.com\/de\/contact-us\/"]}]},{"@type":"BreadcrumbList","@id":"https:\/\/teivasystems.com\/de\/contact-us\/#breadcrumb","itemListElement":[{"@type":"ListItem","position":1,"name":"Home","item":"https:\/\/teivasystems.com\/de\/"},{"@type":"ListItem","position":2,"name":"Kontakt"}]},{"@type":"WebSite","@id":"https:\/\/teivasystems.com\/de\/#website","url":"https:\/\/teivasystems.com\/de\/","name":"Teiva Systems","description":"ServiceNow application development, integration and customization","publisher":{"@id":"https:\/\/teivasystems.com\/de\/#organization"},"potentialAction":[{"@type":"SearchAction","target":{"@type":"EntryPoint","urlTemplate":"https:\/\/teivasystems.com\/de\/?s={search_term_string}"},"query-input":{"@type":"PropertyValueSpecification","valueRequired":true,"valueName":"search_term_string"}}],"inLanguage":"de"},{"@type":"Organization","@id":"https:\/\/teivasystems.com\/de\/#organization","name":"Teiva Systems","url":"https:\/\/teivasystems.com\/de\/","logo":{"@type":"ImageObject","inLanguage":"de","@id":"https:\/\/teivasystems.com\/de\/#\/schema\/logo\/image\/","url":"https:\/\/teivasystems.com\/wp-content\/uploads\/2021\/06\/cropped-favicon.png","contentUrl":"https:\/\/teivasystems.com\/wp-content\/uploads\/2021\/06\/cropped-favicon.png","width":254,"height":254,"caption":"Teiva Systems"},"image":{"@id":"https:\/\/teivasystems.com\/de\/#\/schema\/logo\/image\/"},"sameAs":["https:\/\/www.facebook.com\/teiva.systems","https:\/\/www.linkedin.com\/company\/teiva-systems"]}]}},"_links":{"self":[{"href":"https:\/\/teivasystems.com\/de\/wp-json\/wp\/v2\/pages\/3143","targetHints":{"allow":["GET"]}}],"collection":[{"href":"https:\/\/teivasystems.com\/de\/wp-json\/wp\/v2\/pages"}],"about":[{"href":"https:\/\/teivasystems.com\/de\/wp-json\/wp\/v2\/types\/page"}],"author":[{"embeddable":true,"href":"https:\/\/teivasystems.com\/de\/wp-json\/wp\/v2\/users\/1"}],"replies":[{"embeddable":true,"href":"https:\/\/teivasystems.com\/de\/wp-json\/wp\/v2\/comments?post=3143"}],"version-history":[{"count":6,"href":"https:\/\/teivasystems.com\/de\/wp-json\/wp\/v2\/pages\/3143\/revisions"}],"predecessor-version":[{"id":5824,"href":"https:\/\/teivasystems.com\/de\/wp-json\/wp\/v2\/pages\/3143\/revisions\/5824"}],"wp:attachment":[{"href":"https:\/\/teivasystems.com\/de\/wp-json\/wp\/v2\/media?parent=3143"}],"curies":[{"name":"wp","href":"https:\/\/api.w.org\/{rel}","templated":true}]}}