{"id":3109,"date":"2021-09-07T09:02:52","date_gmt":"2021-09-07T09:02:52","guid":{"rendered":"https:\/\/teivasystems.com\/?page_id=3109"},"modified":"2021-10-24T10:41:10","modified_gmt":"2021-10-24T10:41:10","slug":"private-policy","status":"publish","type":"page","link":"https:\/\/teivasystems.com\/de\/private-policy\/","title":{"rendered":"Datenschutzerkl\u00e4rung"},"content":{"rendered":"<section class=\"title-with-bg-wrapper with-image\" style=\"background-image: url('https:\/\/teivasystems.com\/wp-content\/uploads\/2021\/05\/Private-policy-baner-1-1.png')\">\r\n    <div class=\"title-with-bg-inner\">\r\n        <h1 class=\"with-line\">Datenschutzerkl\u00e4rung<\/h1>\r\n                    <p class=\"text\">IHRE DATENSCHUTZ IST UNS WICHTIG. DIE RICHTLINIE VON TEIVA SYSTEMS IST, IHRE DATENSCHUTZ IN BEZUG AUF IHRE INFORMATIONEN ZU RESPEKTIEREN, DIE WIR AUF UNSERER WEBSITE \r\nHTTPS:\/\/WWW.TEIVASYSTEMS.COM\/ UND ANDEREN WEBSITES, DIE WIR BESITZEN UND VERWALTEN, ERFASSEN.<\/p>\r\n                            <img loading=\"lazy\" decoding=\"async\" width=\"1046\" height=\"1234\" src=\"https:\/\/teivasystems.com\/wp-content\/uploads\/2021\/05\/Private-policy-geometric-teiva.png\" class=\"title-image\" alt=\"Teiva Image\" srcset=\"https:\/\/teivasystems.com\/wp-content\/uploads\/2021\/05\/Private-policy-geometric-teiva.png 1046w, https:\/\/teivasystems.com\/wp-content\/uploads\/2021\/05\/Private-policy-geometric-teiva-254x300.png 254w, https:\/\/teivasystems.com\/wp-content\/uploads\/2021\/05\/Private-policy-geometric-teiva-868x1024.png 868w, https:\/\/teivasystems.com\/wp-content\/uploads\/2021\/05\/Private-policy-geometric-teiva-768x906.png 768w\" sizes=\"auto, (max-width: 1046px) 100vw, 1046px\" \/>            <\/div>\r\n<\/section>\r\n\n\n\n<h3 class=\"wp-block-heading\"><strong>Informationen, die wir sammeln<\/strong><\/h3>\n\n\n\n<p><strong>Logdaten<\/strong><\/p>\n\n\n\n<p>Wenn Sie unsere Website besuchen, k\u00f6nnen unsere Server automatisch Standarddaten protokollieren, die von Ihrem Webbrowser bereitgestellt werden. Diese k\u00f6nnen die IP-Adresse Ihres Computers, den Typ und die Version Ihres Browsers, die von Ihnen besuchten Seiten, die Uhrzeit und das Datum Ihres Besuchs, die auf jeder Seite verbrachte Zeit und andere Details umfassen.<\/p>\n\n\n\n<p><strong>Ger\u00e4tedaten<\/strong><\/p>\n\n\n\n<p>Wir k\u00f6nnen auch Daten \u00fcber das Ger\u00e4t sammeln, mit dem Sie auf unsere Website zugreifen. Diese Daten k\u00f6nnen Ger\u00e4tetyp, Betriebssystem, eindeutige Ger\u00e4tekennungen, Ger\u00e4teeinstellungen und geografische Standortdaten umfassen. Was wir sammeln, kann von den individuellen Einstellungen Ihres Ger\u00e4ts und Ihrer Software abh\u00e4ngen. Wir empfehlen Ihnen, die Richtlinien Ihres Ger\u00e4teherstellers oder Softwareanbieters zu \u00fcberpr\u00fcfen, um herauszufinden, welche Informationen er uns zur Verf\u00fcgung stellt.<\/p>\n\n\n\n<p><strong>Personenbezogene Daten<\/strong><\/p>\n\n\n\n<p><strong>Wir k\u00f6nnen Sie um personenbezogene Daten bitten, wie z. B. Ihre Name, E-Mail-Adresse, Profile in Sozialen Netzwerken, Gesch\u00e4ft, Ihr Titel.<\/strong><\/p>\n\n\n\n<h3 class=\"wp-block-heading\"><strong>2. Rechtsgrundlage f\u00fcr die Datenverarbeitung<\/strong><\/h3>\n\n\n\n<p>Die Verarbeitung Ihrer personenbezogenen Daten erfolgt auf rechtm\u00e4\u00dfige, faire und transparente Weise. Wir erheben und verarbeiten keine Informationen \u00fcber Sie, es sei denn, wir haben eine Rechtsgrundlage daf\u00fcr.<\/p>\n\n\n\n<p><strong>Diese Rechtsgrundlagen h\u00e4ngen von den von Ihnen genutzten Diensten und deren Nutzung ab, d. h. wir erheben und verwenden Ihre Daten nur in den folgenden F\u00e4llen:<\/strong><\/p>\n\n\n\r\n<div class=\"small-spacing-block\"><\/div>\r\n\r\n\n\n<ul class=\"universal-list page-container list-type-circle medium-margin-bottom one-columns\">\r\n    <li data-index=\"1\"><span class=\"list-item-marker\" style=\"border-color: #DD1C17\"><\/span><p>wenn es erforderlich ist, die Bedingungen eines Vertrags, dessen Vertragspartei Sie sind, zu erf\u00fcllen, oder auf Ihren Wunsch vor Abschluss eines solchen Vertrages Ma\u00dfnahmen zu ergreifen (z. B. wenn wir eine Dienstleistung erbringen, die Sie von uns anfordern);<\/p>\n<\/li><li data-index=\"2\"><span class=\"list-item-marker\" style=\"border-color: #DD1C17\"><\/span><p>wenn diese Informationen einem berechtigten Interesse entsprechen (das nicht durch Ihre Datenschutzinteressen \u00fcberwogen wird), beispielsweise f\u00fcr Forschung und Entwicklung, die F\u00f6rderung unserer Dienstleistungen sowie zum Schutz unserer gesetzlichen Rechte und Interessen;<\/p>\n<\/li><li data-index=\"3\"><span class=\"list-item-marker\" style=\"border-color: #DD1C17\"><\/span><p>wenn Sie uns dies f\u00fcr einen bestimmten Zweck erteilen (z. B. k\u00f6nnen Sie damit einverstanden sein, dass wir Ihnen unseren Newsletter zusenden); oder wir Ihre Daten aufgrund einer gesetzlichen Verpflichtung verarbeiten m\u00fcssen.<\/p>\n<\/li><\/ul>\r\n\r\n\n\n\n<p>Wenn Sie damit einverstanden sind, dass wir Ihre Daten f\u00fcr einen bestimmten Zweck verwenden, haben Sie das Recht, Ihre Meinung jederzeit zu \u00e4ndern (dies hat jedoch keine Auswirkungen auf die bereits durchgef\u00fchrte Datenverarbeitung).<\/p>\n\n\n\n<p>Wir speichern personenbezogene Daten nicht l\u00e4nger als n\u00f6tig. Solange wir diese Informationen speichern, werden wir sie mit kommerziell akzeptablen Mitteln sch\u00fctzen, um Verlust und Diebstahl sowie unbefugten Zugriff, Offenlegung, Kopieren, Verwendung oder \u00c4nderung zu verhindern. Wir weisen jedoch darauf hin, dass keine Methode der elektronischen \u00dcbertragung oder Speicherung 100% sicher ist und die absolute Sicherheit Ihrer Daten nicht garantieren kann. Ggf. k\u00f6nnen wir Ihre personenbezogenen Daten aufbewahren, um gesetzlichen Verpflichtungen nachzukommen oder Ihre lebenswichtigen Interessen oder die lebenswichtigen Interessen einer anderen nat\u00fcrlichen Person zu sch\u00fctzen.<\/p>\n\n\n\n<h3 class=\"wp-block-heading\"><strong>3. Collection and use of information<\/strong><\/h3>\n\n\n\n<p>Wir k\u00f6nnen Informationen f\u00fcr die folgenden Zwecke erheben, speichern, verwenden und offenlegen, und personenbezogene Daten werden nicht f\u00fcr andere Zwecke weiterverarbeitet als:<\/p>\n\n\n\n<p>Anpassung und Personalisierung Ihrer Erfahrung mit unserer Website; Kommunikation mit Ihnen; interne Buchhaltungs- und Verwaltungszwecke; Analysen, Marktforschung und Gesch\u00e4ftsentwicklung, einschlie\u00dflich des Betriebs und der Verbesserung unserer Website, zugeh\u00f6riger Anwendungen und zugeh\u00f6riger Sozialnetzwerk-Plattformen; Werbung und Marketing, einschlie\u00dflich der Zusendung von Werbeinformationen \u00fcber unsere Produkte und Dienstleistungen sowie Informationen \u00fcber Dritte, von denen wir glauben, dass sie f\u00fcr Sie von Interesse sein k\u00f6nnten; \u00dcberpr\u00fcfung Ihrer Bewerbung.<\/p>\n\n\n\n<h3 class=\"wp-block-heading\"><strong>4. Weitergabe personenbezogener Daten an Dritte<\/strong><\/h3>\n\n\n\n<p><strong>Wir k\u00f6nnen personenbezogene Daten wie folgt weitergeben:<\/strong><\/p>\n\n\n\r\n<div class=\"small-spacing-block\"><\/div>\r\n\r\n\n\n<ul class=\"universal-list page-container list-type-circle medium-margin-bottom one-columns\">\r\n    <li data-index=\"1\"><span class=\"list-item-marker\" style=\"border-color: #DD1C17\"><\/span><p>an Drittanbieter, damit diese ihre Dienstleistungen erbringen k\u00f6nnen, einschlie\u00dflich (ohne Einschr\u00e4nkung) IT-Dienstleister, Datenwarenh\u00e4user, Hosting- und Serveranbieter, Werbenetzwerke, Analysen, Fehleraufzeichnungen, Inkassounternehmen, Wartung oder Probleml\u00f6sungsdienstleister, Marketing- oder Werbedienstleister, professionelle Berater und Betreiber von Zahlungssystemen; unsere Mitarbeiter, Auftragnehmer und\/oder verbundene Parteien; Dritte zur Erhebung und Verarbeitung von Daten.<\/p>\n<\/li><\/ul>\r\n\r\n\n\n\n<h3 class=\"wp-block-heading\"><strong>5. Internationale \u00dcbermittlungen personenbezogener Daten<\/strong><\/h3>\n\n\n\n<p>Die von uns erfassten personenbezogenen Daten werden in der Ukraine gespeichert und verarbeitet oder dort, wo wir oder unsere Partner, verbundene Unternehmen und Drittanbieter Einrichtungen unterhalten. Indem Sie uns Ihre personenbezogenen Daten zur Verf\u00fcgung stellen, stimmen Sie deren Weitergabe an diese ausl\u00e4ndischen Drittparteien zu.<\/p>\n\n\n\n<p>Wir garantieren, dass jede \u00dcbermittlung personenbezogener Daten aus L\u00e4ndern des Europ\u00e4ischen Wirtschaftsraums (EWR) in L\u00e4nder au\u00dferhalb des EWR durch geeignete Sicherheitsvorkehrungen gesch\u00fctzt wird, beispielsweise durch von der Europ\u00e4ischen Kommission genehmigte Standarddatenschutzklauseln oder durch die Verwendung von verbindlichen Unternehmensregeln oder andere rechtlich anerkannte Mittel.<\/p>\n\n\n\n<p>Wenn wir personenbezogene Daten aus einem Nicht-EWR-Land in ein anderes Land \u00fcbertragen, erkennen Sie an, dass Dritte in anderen Rechtsordnungen m\u00f6glicherweise keinen \u00e4hnlichen Datenschutzgesetzen wie in unserer Rechtsordnung unterliegen. Es bestehen Risiken, wenn ein solcher Dritter Handlungen oder Verhaltensweisen vornimmt, die gegen die Datenschutzgesetze unserer Gerichtsbarkeit versto\u00dfen, und dies kann bedeuten, dass Sie gem\u00e4\u00df den Datenschutzgesetzen unserer Gerichtsbarkeit keine Erstattung verlangen k\u00f6nnen.<\/p>\n\n\n\n<h3 class=\"wp-block-heading\"><strong>6. Ihre Rechte und Kontrolle \u00fcber Ihre personenbezogenen Daten.<\/strong><\/h3>\n\n\n\n<p><strong>Auswahl und Zustimmung<\/strong>. Indem Sie uns personenbezogene Daten zur Verf\u00fcgung stellen, stimmen Sie der Erhebung, Speicherung, Nutzung und Weitergabe Ihrer personenbezogenen Daten gem\u00e4\u00df dieser Datenschutzerkl\u00e4rung zu. Wenn Sie unter 16 Jahre alt sind, m\u00fcssen Sie im gesetzlich zul\u00e4ssigen Umfang sicherstellen, dass Sie die Erlaubnis Ihrer Eltern oder Erziehungsberechtigten haben, auf die Website zuzugreifen und sie zu nutzen, und diese (Ihre Eltern oder Erziehungsberechtigten) Ihre Zustimmung zur Weitergabe Ihrer personenbezogenen Daten an uns gegeben haben. Sie sind nicht verpflichtet, uns personenbezogene Daten zur Verf\u00fcgung zu stellen, wenn Sie dies jedoch nicht tun, kann dies Ihre Nutzung dieser Website oder der darauf oder \u00fcber sie angebotenen Produkte und\/oder Dienstleistungen beeintr\u00e4chtigen.<\/p>\n\n\n\n<p><strong>Informationen von Dritten<\/strong>: Wenn wir personenbezogene Daten \u00fcber Sie von einem Dritten erhalten, werden wir diese gem\u00e4\u00df dieser Datenschutzerkl\u00e4rung sch\u00fctzen. Wenn Sie ein Dritter sind, der personenbezogene Daten \u00fcber eine andere Person bereitstellt, erkl\u00e4ren und garantieren Sie, dass Sie die Zustimmung dieser Person haben, uns die personenbezogenen Daten zur Verf\u00fcgung zu stellen.<\/p>\n\n\n\n<p><strong>Einschr\u00e4nkung<\/strong>: Sie k\u00f6nnen die Erfassung oder Verwendung Ihrer personenbezogenen Daten einschr\u00e4nken. Wenn Sie zuvor der Verwendung Ihrer personenbezogenen Daten f\u00fcr Direktmarketingzwecke zugestimmt haben, k\u00f6nnen Sie Ihre Meinung jederzeit \u00e4ndern, indem Sie uns \u00fcber die untenstehenden Informationen kontaktieren. Wenn Sie uns bitten, die Verarbeitung Ihrer personenbezogenen Daten einzuschr\u00e4nken, werden wir Sie dar\u00fcber informieren, wie sich die Einschr\u00e4nkung auf Ihre Nutzung unserer Website oder unserer Produkte und Dienstleistungen auswirkt.<\/p>\n\n\n\n<p><strong>Zugang und Daten\u00fcbertragbarkeit<\/strong>: Sie k\u00f6nnen detaillierte Informationen zu den personenbezogenen Daten anfordern, die wir \u00fcber Sie gespeichert haben. Sie k\u00f6nnen eine Kopie der personenbezogenen Daten anfordern, die wir \u00fcber Sie gespeichert haben. Ggf. stellen wir diese Informationen in CSV oder anderen leicht lesbaren Maschinenformaten zur Verf\u00fcgung. Sie k\u00f6nnen jederzeit die L\u00f6schung Ihrer bei uns \u00fcber Sie gespeicherten personenbezogenen Daten verlangen. Sie k\u00f6nnen auch verlangen, dass wir diese personenbezogenen Daten an einen anderen Dritten \u00fcbermitteln.<\/p>\n\n\n\n<p><strong>Bearbeitung<\/strong>: Wenn Sie der Meinung sind, dass Informationen, die wir \u00fcber Sie gespeichert haben, ungenau, veraltet, unvollst\u00e4ndig, irrelevant oder irref\u00fchrend sind, kontaktieren Sie uns bitte \u00fcber die unten stehenden Kontaktdaten. Wir werden angemessene Schritte unternehmen, um Informationen zu korrigieren, die sich als ungenau, unvollst\u00e4ndig, irref\u00fchrend oder veraltet herausstellen.<\/p>\n\n\n\n<p><strong>Hinweis zu Datenlecks<\/strong>: wir werden die f\u00fcr uns geltenden Gesetze in Bezug auf Datenschutzverletzungen einhalten.<\/p>\n\n\n\n<p><strong>Beschwerden<\/strong>: Wenn Sie der Meinung sind, dass wir gegen geltendes Datenschutzrecht versto\u00dfen haben und eine Beschwerde einreichen m\u00f6chten, kontaktieren Sie uns bitte \u00fcber die untenstehenden Kontakte und teilen Sie uns den mutma\u00dflichen Versto\u00df mit. Wir werden Ihre Beschwerde umgehend pr\u00fcfen und Ihnen schriftlich mit den Ergebnissen unserer Untersuchung und den Schritten, die wir unternehmen werden, um Ihre Beschwerde zu bearbeiten, antworten. Sie haben au\u00dferdem das Recht, sich bez\u00fcglich Ihrer Beschwerde an eine Aufsichts- oder Datenschutzbeh\u00f6rde zu wenden.<\/p>\n\n\n\n<p><strong>Abbestellen<\/strong>: Um sich von unserer E-Mail-Datenbank abzumelden oder sich von Mitteilungen (einschlie\u00dflich Marketingmitteilungen) abbestellen, kontaktieren Sie uns bitte \u00fcber die untenstehenden Kontakte oder melden Sie sich mit den in der Nachricht bereitgestellten Abmeldetools ab.<\/p>\n\n\n\n<h3 class=\"wp-block-heading\"><strong>7. Cookies<\/strong><\/h3>\n\n\n\n<p>Wir verwenden Cookies, um Informationen \u00fcber Sie und Ihre Aktivit\u00e4ten auf unserer Website zu sammeln. Beim Cookie handelt es sich um ein kleines Datenelement, das unsere Website auf Ihrem Computer speichert und auf das Sie bei jedem Besuch zugreifen, damit wir verstehen k\u00f6nnen, wie Sie unsere Website nutzen. Dies hilft uns, Ihre Inhalte auf eine Weise bereitzustellen, die Ihren Pr\u00e4ferenzen entspricht. Weitere Informationen finden Sie in unserer Cookie-Richtlinie.<\/p>\n\n\n\n<h3 class=\"wp-block-heading\"><strong>8. Gesch\u00e4fts\u00fcbertragungen<\/strong><\/h3>\n\n\n\n<p>Wenn wir oder unsere Verm\u00f6genswerte erworben werden oder im unwahrscheinlichen Fall, dass wir unser Gesch\u00e4ft aufgeben oder in Konkurs gehen, werden wir die Daten in Verm\u00f6genswerte aufnehmen, die an alle Parteien \u00fcbertragen werden, die uns erwerben. Sie erkennen an, dass solche \u00dcbertragungen erfolgen k\u00f6nnen und dass alle Parteien, die uns erwerben, Ihre personenbezogenen Daten weiterhin in \u00dcbereinstimmung mit dieser Richtlinie verwenden k\u00f6nnen.<\/p>\n\n\n\n<h3 class=\"wp-block-heading\"><strong>9. Einschr\u00e4nkungen unserer Politik.<\/strong><\/h3>\n\n\n\n<p>Unsere Website kann Links zu externen Websites enthalten, die wir nicht betreiben. Bitte beachten Sie, dass wir keine Kontrolle \u00fcber den Inhalt und die Richtlinien dieser Websites haben und nicht f\u00fcr deren jeweilige Datenschutzrichtlinien verantwortlich gemacht werden k\u00f6nnen.<\/p>\n\n\n\n<h3 class=\"wp-block-heading\"><strong>10. \u00c4nderungen dieser Datenschutzerkl\u00e4rung<\/strong><\/h3>\n\n\n\n<p>Nach unserem Ermessen k\u00f6nnen wir unsere Datenschutzerkl\u00e4rung \u00e4ndern, um die aktuellen akzeptablen Praktiken widerzuspiegeln. Wir werden angemessene Schritte unternehmen, um Benutzer \u00fcber unsere Website \u00fcber \u00c4nderungen zu informieren. Ihre fortgesetzte Nutzung dieser Website nach \u00c4nderungen dieser Richtlinie gilt als Ihre Zustimmung zu unseren Datenschutz- und personenbezogenen Datenpraktiken.<\/p>\n\n\n\n<p>Wenn wir wesentliche \u00c4nderungen an dieser Datenschutzerkl\u00e4rung vornehmen, beispielsweise die Rechtsgrundlage \u00e4ndern, auf der wir Ihre personenbezogenen Daten verarbeiten, werden wir Sie bitten, der \u00fcberarbeiteten Datenschutzerkl\u00e4rung erneut zuzustimmen.<\/p>\n\n\n\n<p>Teiva Systems Data Controller<\/p>\n\n\n\n<p><\/p>\n\n\n\n<p>Gesch\u00e4ftsentwicklung<\/p>\n\n\n\n<p><\/p>\n\n\n\n<p><a href=\"mailto:info@teivasys.com\" target=\"_blank\" rel=\"noreferrer noopener\"><strong>info@teivasys.com<\/strong><\/a><\/p>\n\n\n\n<p><\/p>\n\n\n\n<p>Diese Datenschutzerkl\u00e4rung gilt ab dem 1. Mai 2021.<\/p>\n\n\n\n<div style=\"height:100px\" aria-hidden=\"true\" class=\"wp-block-spacer\"><\/div>\n\n\n<section class=\"logos-list-wrapper\" style=\"background-color: #205170\">\r\n            <div class=\"logos-list\">\r\n                            <div class=\"logos-list-item\">\r\n                    <div class=\"logo-wrapper\">\r\n                        <img loading=\"lazy\" decoding=\"async\" width=\"1\" height=\"1\" src=\"https:\/\/teivasystems.com\/wp-content\/uploads\/2021\/04\/11_\u041c\u043e\u043d\u0442\u0430\u0436\u043d\u0430\u044f-\u043e\u0431\u043b\u0430\u0441\u0442\u044c-1.svg\" class=\"logo-image\" alt=\"Teiva logo\" \/>                        <img loading=\"lazy\" decoding=\"async\" width=\"1\" height=\"1\" src=\"https:\/\/teivasystems.com\/wp-content\/uploads\/2021\/04\/12_\u041c\u043e\u043d\u0442\u0430\u0436\u043d\u0430\u044f-\u043e\u0431\u043b\u0430\u0441\u0442\u044c-1.svg\" class=\"logo-hover-image\" alt=\"Teiva logo\" \/>                    <\/div>\r\n                <\/div>\r\n                            <div class=\"logos-list-item\">\r\n                    <div class=\"logo-wrapper\">\r\n                        <img loading=\"lazy\" decoding=\"async\" width=\"1\" height=\"1\" src=\"https:\/\/teivasystems.com\/wp-content\/uploads\/2021\/04\/21_\u041c\u043e\u043d\u0442\u0430\u0436\u043d\u0430\u044f-\u043e\u0431\u043b\u0430\u0441\u0442\u044c-1.svg\" class=\"logo-image\" alt=\"Teiva logo\" \/>                        <img loading=\"lazy\" decoding=\"async\" width=\"1\" height=\"1\" src=\"https:\/\/teivasystems.com\/wp-content\/uploads\/2021\/04\/22_\u041c\u043e\u043d\u0442\u0430\u0436\u043d\u0430\u044f-\u043e\u0431\u043b\u0430\u0441\u0442\u044c-1.svg\" class=\"logo-hover-image\" alt=\"Teiva logo\" \/>                    <\/div>\r\n                <\/div>\r\n                    <\/div>\r\n    <\/section>\r\n\r\n","protected":false},"excerpt":{"rendered":"<p>Informationen, die wir sammeln Logdaten Wenn Sie unsere Website besuchen, k\u00f6nnen unsere Server automatisch Standarddaten protokollieren, die von Ihrem Webbrowser bereitgestellt werden. Diese k\u00f6nnen die IP-Adresse Ihres Computers, den Typ und die Version Ihres Browsers, die von Ihnen besuchten Seiten, die Uhrzeit und das Datum Ihres Besuchs, die auf jeder Seite verbrachte Zeit und andere [&hellip;]<\/p>\n","protected":false},"author":1,"featured_media":0,"parent":0,"menu_order":0,"comment_status":"closed","ping_status":"open","template":"","meta":{"_acf_changed":false,"inline_featured_image":false,"footnotes":""},"class_list":["post-3109","page","type-page","status-publish","hentry"],"acf":[],"yoast_head":"<!-- This site is optimized with the Yoast SEO plugin v27.5 - https:\/\/yoast.com\/product\/yoast-seo-wordpress\/ -->\n<title>Datenschutzerkl\u00e4rung - Teiva Systems<\/title>\n<meta name=\"robots\" content=\"index, follow, max-snippet:-1, max-image-preview:large, max-video-preview:-1\" \/>\n<link rel=\"canonical\" href=\"https:\/\/teivasystems.com\/de\/private-policy\/\" \/>\n<meta property=\"og:locale\" content=\"de_DE\" \/>\n<meta property=\"og:type\" content=\"article\" \/>\n<meta property=\"og:title\" content=\"Datenschutzerkl\u00e4rung - Teiva Systems\" \/>\n<meta property=\"og:description\" content=\"Informationen, die wir sammeln Logdaten Wenn Sie unsere Website besuchen, k\u00f6nnen unsere Server automatisch Standarddaten protokollieren, die von Ihrem Webbrowser bereitgestellt werden. Diese k\u00f6nnen die IP-Adresse Ihres Computers, den Typ und die Version Ihres Browsers, die von Ihnen besuchten Seiten, die Uhrzeit und das Datum Ihres Besuchs, die auf jeder Seite verbrachte Zeit und andere [&hellip;]\" \/>\n<meta property=\"og:url\" content=\"https:\/\/teivasystems.com\/de\/private-policy\/\" \/>\n<meta property=\"og:site_name\" content=\"Teiva Systems\" \/>\n<meta property=\"article:publisher\" content=\"https:\/\/www.facebook.com\/teiva.systems\" \/>\n<meta property=\"article:modified_time\" content=\"2021-10-24T10:41:10+00:00\" \/>\n<meta name=\"twitter:card\" content=\"summary_large_image\" \/>\n<meta name=\"twitter:label1\" content=\"Gesch\u00e4tzte Lesezeit\" \/>\n\t<meta name=\"twitter:data1\" content=\"6\u00a0Minuten\" \/>\n<script type=\"application\/ld+json\" class=\"yoast-schema-graph\">{\"@context\":\"https:\\\/\\\/schema.org\",\"@graph\":[{\"@type\":\"WebPage\",\"@id\":\"https:\\\/\\\/teivasystems.com\\\/de\\\/private-policy\\\/\",\"url\":\"https:\\\/\\\/teivasystems.com\\\/de\\\/private-policy\\\/\",\"name\":\"Datenschutzerkl\u00e4rung - Teiva Systems\",\"isPartOf\":{\"@id\":\"https:\\\/\\\/teivasystems.com\\\/de\\\/#website\"},\"datePublished\":\"2021-09-07T09:02:52+00:00\",\"dateModified\":\"2021-10-24T10:41:10+00:00\",\"breadcrumb\":{\"@id\":\"https:\\\/\\\/teivasystems.com\\\/de\\\/private-policy\\\/#breadcrumb\"},\"inLanguage\":\"de\",\"potentialAction\":[{\"@type\":\"ReadAction\",\"target\":[\"https:\\\/\\\/teivasystems.com\\\/de\\\/private-policy\\\/\"]}]},{\"@type\":\"BreadcrumbList\",\"@id\":\"https:\\\/\\\/teivasystems.com\\\/de\\\/private-policy\\\/#breadcrumb\",\"itemListElement\":[{\"@type\":\"ListItem\",\"position\":1,\"name\":\"Home\",\"item\":\"https:\\\/\\\/teivasystems.com\\\/de\\\/\"},{\"@type\":\"ListItem\",\"position\":2,\"name\":\"Datenschutzerkl\u00e4rung\"}]},{\"@type\":\"WebSite\",\"@id\":\"https:\\\/\\\/teivasystems.com\\\/de\\\/#website\",\"url\":\"https:\\\/\\\/teivasystems.com\\\/de\\\/\",\"name\":\"Teiva Systems\",\"description\":\"ServiceNow application development, integration and customization\",\"publisher\":{\"@id\":\"https:\\\/\\\/teivasystems.com\\\/de\\\/#organization\"},\"potentialAction\":[{\"@type\":\"SearchAction\",\"target\":{\"@type\":\"EntryPoint\",\"urlTemplate\":\"https:\\\/\\\/teivasystems.com\\\/de\\\/?s={search_term_string}\"},\"query-input\":{\"@type\":\"PropertyValueSpecification\",\"valueRequired\":true,\"valueName\":\"search_term_string\"}}],\"inLanguage\":\"de\"},{\"@type\":\"Organization\",\"@id\":\"https:\\\/\\\/teivasystems.com\\\/de\\\/#organization\",\"name\":\"Teiva Systems\",\"url\":\"https:\\\/\\\/teivasystems.com\\\/de\\\/\",\"logo\":{\"@type\":\"ImageObject\",\"inLanguage\":\"de\",\"@id\":\"https:\\\/\\\/teivasystems.com\\\/de\\\/#\\\/schema\\\/logo\\\/image\\\/\",\"url\":\"https:\\\/\\\/teivasystems.com\\\/wp-content\\\/uploads\\\/2021\\\/06\\\/cropped-favicon.png\",\"contentUrl\":\"https:\\\/\\\/teivasystems.com\\\/wp-content\\\/uploads\\\/2021\\\/06\\\/cropped-favicon.png\",\"width\":254,\"height\":254,\"caption\":\"Teiva Systems\"},\"image\":{\"@id\":\"https:\\\/\\\/teivasystems.com\\\/de\\\/#\\\/schema\\\/logo\\\/image\\\/\"},\"sameAs\":[\"https:\\\/\\\/www.facebook.com\\\/teiva.systems\",\"https:\\\/\\\/www.linkedin.com\\\/company\\\/teiva-systems\"]}]}<\/script>\n<!-- \/ Yoast SEO plugin. -->","yoast_head_json":{"title":"Datenschutzerkl\u00e4rung - Teiva Systems","robots":{"index":"index","follow":"follow","max-snippet":"max-snippet:-1","max-image-preview":"max-image-preview:large","max-video-preview":"max-video-preview:-1"},"canonical":"https:\/\/teivasystems.com\/de\/private-policy\/","og_locale":"de_DE","og_type":"article","og_title":"Datenschutzerkl\u00e4rung - Teiva Systems","og_description":"Informationen, die wir sammeln Logdaten Wenn Sie unsere Website besuchen, k\u00f6nnen unsere Server automatisch Standarddaten protokollieren, die von Ihrem Webbrowser bereitgestellt werden. Diese k\u00f6nnen die IP-Adresse Ihres Computers, den Typ und die Version Ihres Browsers, die von Ihnen besuchten Seiten, die Uhrzeit und das Datum Ihres Besuchs, die auf jeder Seite verbrachte Zeit und andere [&hellip;]","og_url":"https:\/\/teivasystems.com\/de\/private-policy\/","og_site_name":"Teiva Systems","article_publisher":"https:\/\/www.facebook.com\/teiva.systems","article_modified_time":"2021-10-24T10:41:10+00:00","twitter_card":"summary_large_image","twitter_misc":{"Gesch\u00e4tzte Lesezeit":"6\u00a0Minuten"},"schema":{"@context":"https:\/\/schema.org","@graph":[{"@type":"WebPage","@id":"https:\/\/teivasystems.com\/de\/private-policy\/","url":"https:\/\/teivasystems.com\/de\/private-policy\/","name":"Datenschutzerkl\u00e4rung - Teiva Systems","isPartOf":{"@id":"https:\/\/teivasystems.com\/de\/#website"},"datePublished":"2021-09-07T09:02:52+00:00","dateModified":"2021-10-24T10:41:10+00:00","breadcrumb":{"@id":"https:\/\/teivasystems.com\/de\/private-policy\/#breadcrumb"},"inLanguage":"de","potentialAction":[{"@type":"ReadAction","target":["https:\/\/teivasystems.com\/de\/private-policy\/"]}]},{"@type":"BreadcrumbList","@id":"https:\/\/teivasystems.com\/de\/private-policy\/#breadcrumb","itemListElement":[{"@type":"ListItem","position":1,"name":"Home","item":"https:\/\/teivasystems.com\/de\/"},{"@type":"ListItem","position":2,"name":"Datenschutzerkl\u00e4rung"}]},{"@type":"WebSite","@id":"https:\/\/teivasystems.com\/de\/#website","url":"https:\/\/teivasystems.com\/de\/","name":"Teiva Systems","description":"ServiceNow application development, integration and customization","publisher":{"@id":"https:\/\/teivasystems.com\/de\/#organization"},"potentialAction":[{"@type":"SearchAction","target":{"@type":"EntryPoint","urlTemplate":"https:\/\/teivasystems.com\/de\/?s={search_term_string}"},"query-input":{"@type":"PropertyValueSpecification","valueRequired":true,"valueName":"search_term_string"}}],"inLanguage":"de"},{"@type":"Organization","@id":"https:\/\/teivasystems.com\/de\/#organization","name":"Teiva Systems","url":"https:\/\/teivasystems.com\/de\/","logo":{"@type":"ImageObject","inLanguage":"de","@id":"https:\/\/teivasystems.com\/de\/#\/schema\/logo\/image\/","url":"https:\/\/teivasystems.com\/wp-content\/uploads\/2021\/06\/cropped-favicon.png","contentUrl":"https:\/\/teivasystems.com\/wp-content\/uploads\/2021\/06\/cropped-favicon.png","width":254,"height":254,"caption":"Teiva Systems"},"image":{"@id":"https:\/\/teivasystems.com\/de\/#\/schema\/logo\/image\/"},"sameAs":["https:\/\/www.facebook.com\/teiva.systems","https:\/\/www.linkedin.com\/company\/teiva-systems"]}]}},"_links":{"self":[{"href":"https:\/\/teivasystems.com\/de\/wp-json\/wp\/v2\/pages\/3109","targetHints":{"allow":["GET"]}}],"collection":[{"href":"https:\/\/teivasystems.com\/de\/wp-json\/wp\/v2\/pages"}],"about":[{"href":"https:\/\/teivasystems.com\/de\/wp-json\/wp\/v2\/types\/page"}],"author":[{"embeddable":true,"href":"https:\/\/teivasystems.com\/de\/wp-json\/wp\/v2\/users\/1"}],"replies":[{"embeddable":true,"href":"https:\/\/teivasystems.com\/de\/wp-json\/wp\/v2\/comments?post=3109"}],"version-history":[{"count":11,"href":"https:\/\/teivasystems.com\/de\/wp-json\/wp\/v2\/pages\/3109\/revisions"}],"predecessor-version":[{"id":3667,"href":"https:\/\/teivasystems.com\/de\/wp-json\/wp\/v2\/pages\/3109\/revisions\/3667"}],"wp:attachment":[{"href":"https:\/\/teivasystems.com\/de\/wp-json\/wp\/v2\/media?parent=3109"}],"curies":[{"name":"wp","href":"https:\/\/api.w.org\/{rel}","templated":true}]}}