{"id":3104,"date":"2021-09-07T08:49:18","date_gmt":"2021-09-07T08:49:18","guid":{"rendered":"https:\/\/teivasystems.com\/?page_id=3104"},"modified":"2021-10-24T10:39:56","modified_gmt":"2021-10-24T10:39:56","slug":"how-we-work","status":"publish","type":"page","link":"https:\/\/teivasystems.com\/de\/how-we-work\/","title":{"rendered":"Unsere Arbeitsweise"},"content":{"rendered":"\r\n<section class=\"title-with-bg-wrapper with-image\" style=\"background-image: url('https:\/\/teivasystems.com\/wp-content\/uploads\/2021\/05\/How-we-work-baner-1-1.png')\">\r\n    <div class=\"title-with-bg-inner\">\r\n        <h1 class=\"with-line\">UNSERE ARBEITSWEISE<\/h1>\r\n                    <p class=\"text\">UNSERE MISSION IST ES, JEDEN KUNDEN BEI DER DIGITALISIERUNG UND AUTOMATISIERUNG VON GESCH\u00c4FTSPROZESSEN ZU UNTERST\u00dcTZEN, DAMIT KUNDEN SICH VOLLST\u00c4NDIG AUF IHR GESCH\u00c4FT KONZENTRIEREN K\u00d6NNEN.<\/p>\r\n                            <img decoding=\"async\" src=\"https:\/\/teivasystems.com\/wp-content\/uploads\/2021\/05\/How-we-work_image-geometric-min-1.png\" class=\"title-image\" alt=\"teiva image\"><!--            <img decoding=\"async\" src=\"--><!--\" class=\"title-image\" alt=\"\">-->\r\n            <\/div>\r\n<\/section>\r\n\r\n\n\n<section class=\"how-we-work-wrapper\">\n            <div class=\"how-we-work-list-wrapper\">\n            <div class=\"how-we-work-list\">\n                                    <div class=\"how-we-work-list-item\">\n                        <div class=\"how-we-work-list-item-inner\">\n                            <div class=\"icon-wrapper\">\n                                <img decoding=\"async\" src=\"https:\/\/teivasystems.com\/wp-content\/uploads\/2021\/05\/work_item_1.svg\" class=\"\" alt=\"teiva image\">                            <\/div>\n                            <h2 class=\"list-item-title\">F\u00dcHRUNG<\/h2>\n                            <p class=\"list-item-text\">Wir erreichen Erfolge, indem wir den Erfolg anderer sichern, wir f\u00f6rdern Wachstum und Innovation durch Lernen und proaktives Handeln. F\u00fchrer helfen sich selbst und anderen, die richtigen Dinge zu tun. Sie geben die Richtung vor, bauen eine inspirierende Vision und schaffen etwas Neues. F\u00fcr unser Team ist F\u00fchrung eher eine Aktion als eine Position.<\/p>\n                                                            <button type=\"button\" class=\"more-btn card-show-more-btn\">weiterlesen<\/button>\n                                                    <\/div>\n                    <\/div>\n                                    <div class=\"how-we-work-list-item\">\n                        <div class=\"how-we-work-list-item-inner\">\n                            <div class=\"icon-wrapper\">\n                                <img decoding=\"async\" src=\"https:\/\/teivasystems.com\/wp-content\/uploads\/2021\/05\/Success.svg\" class=\"\" alt=\"teiva image\">                            <\/div>\n                            <h2 class=\"list-item-title\">ERFOLG<\/h2>\n                            <p class=\"list-item-text\">Wir sind begeistert von dem Unternehmen und seinem Erfolg. Wir f\u00fchlen uns unseren Kunden, unserem Team und einander verpflichtet. Unser Wachstum wird durch den gemeinsamen Erfolg gen\u00e4hrt. Erfolg haben wir nur dank unserer Kunden \u2013 und das treibt alles an, was wir tun.<\/p>\n                                                            <button type=\"button\" class=\"more-btn card-show-more-btn\">weiterlesen<\/button>\n                                                    <\/div>\n                    <\/div>\n                                    <div class=\"how-we-work-list-item\">\n                        <div class=\"how-we-work-list-item-inner\">\n                            <div class=\"icon-wrapper\">\n                                <img decoding=\"async\" src=\"https:\/\/teivasystems.com\/wp-content\/uploads\/2021\/05\/Analysis.svg\" class=\"\" alt=\"teiva image\">                            <\/div>\n                            <h2 class=\"list-item-title\">ANALYSE<\/h2>\n                            <p class=\"list-item-text\">Wir erf\u00fcllen unsere Aufgaben erst nach der richtigen Analyse. Beim Erreichten stehen wir nie bleiben \u2013 bei allem, was wir tun, fordern wir unser Verst\u00e4ndnis unserer F\u00e4higkeiten heraus, um die Bed\u00fcrfnisse unserer Kunden bestm\u00f6glich zu erf\u00fcllen. Wir analysieren alle Aufgaben.<\/p>\n                                                            <button type=\"button\" class=\"more-btn card-show-more-btn\">weiterlesen<\/button>\n                                                    <\/div>\n                    <\/div>\n                                    <div class=\"how-we-work-list-item\">\n                        <div class=\"how-we-work-list-item-inner\">\n                            <div class=\"icon-wrapper\">\n                                <img decoding=\"async\" src=\"https:\/\/teivasystems.com\/wp-content\/uploads\/2021\/05\/Rationality.svg\" class=\"\" alt=\"teiva image\">                            <\/div>\n                            <h2 class=\"list-item-title\">RATIONALIT\u00c4T<\/h2>\n                            <p class=\"list-item-text\">Wir handeln und setzen Entscheidungen rational um, das ist geleitet von Weisheit und Vertr\u00e4glichkeit. Rationalit\u00e4t erfordert eine angemessene Befindlichkeit (mit anderen Worten, unsere \u00dcberzeugungen, Entscheidungen und allgemeinen Einstellungen zu Dingen). Schlie\u00dflich ist Rationalit\u00e4t eine Eigenschaft Ihres Geistes, die Sie idealerweise zum Ziel f\u00fchrt \u2013 die Dinge richtig zu tun.<\/p>\n                                                            <button type=\"button\" class=\"more-btn card-show-more-btn\">weiterlesen<\/button>\n                                                    <\/div>\n                    <\/div>\n                                    <div class=\"how-we-work-list-item\">\n                        <div class=\"how-we-work-list-item-inner\">\n                            <div class=\"icon-wrapper\">\n                                <img decoding=\"async\" src=\"https:\/\/teivasystems.com\/wp-content\/uploads\/2021\/05\/Honesty.svg\" class=\"\" alt=\"teiva image\">                            <\/div>\n                            <h2 class=\"list-item-title\">EHRLICHKEIT<\/h2>\n                            <p class=\"list-item-text\">Wir sind immer ehrlich, offen und transparent in allem, was wir tun. Dadurch k\u00f6nnen wir uns gegenseitig inspirieren und unsere t\u00e4glichen Aufgaben mit gr\u00f6\u00dferer Bedeutung, Interesse und Spannung bew\u00e4ltigen.<\/p>\n                                                            <button type=\"button\" class=\"more-btn card-show-more-btn\">weiterlesen<\/button>\n                                                    <\/div>\n                    <\/div>\n                                    <div class=\"how-we-work-list-item\">\n                        <div class=\"how-we-work-list-item-inner\">\n                            <div class=\"icon-wrapper\">\n                                <img decoding=\"async\" src=\"https:\/\/teivasystems.com\/wp-content\/uploads\/2021\/05\/Loyalty.svg\" class=\"\" alt=\"teiva image\">                            <\/div>\n                            <h2 class=\"list-item-title\">LOYALIT\u00c4T<\/h2>\n                            <p class=\"list-item-text\">Wir schaffen Vertrauen durch konstruktive, ehrliche Kommunikation, die dem Gemeinwohl dient.<\/p>\n                                                    <\/div>\n                    <\/div>\n                                    <div class=\"how-we-work-list-item\">\n                        <div class=\"how-we-work-list-item-inner\">\n                            <div class=\"icon-wrapper\">\n                                <img decoding=\"async\" src=\"https:\/\/teivasystems.com\/wp-content\/uploads\/2021\/05\/Honor.svg\" class=\"\" alt=\"teiva image\">                            <\/div>\n                            <h2 class=\"list-item-title\">EHRE<\/h2>\n                            <p class=\"list-item-text\">Wir halten alle unsere Verpflichtungen stets ein, denn Ehrlichkeit ist unser entscheidendes Merkmal.<\/p>\n                                                    <\/div>\n                    <\/div>\n                                    <div class=\"how-we-work-list-item\">\n                        <div class=\"how-we-work-list-item-inner\">\n                            <div class=\"icon-wrapper\">\n                                <img decoding=\"async\" src=\"https:\/\/teivasystems.com\/wp-content\/uploads\/2021\/05\/Charity.svg\" class=\"\" alt=\"teiva image\">                            <\/div>\n                            <h2 class=\"list-item-title\">WOHLT\u00c4TIGKEIT<\/h2>\n                            <p class=\"list-item-text\">Wir f\u00f6rdern Freundlichkeit gegen\u00fcber Menschen und raten von einer harten Haltung ihnen gegen\u00fcber ab.<\/p>\n                                                    <\/div>\n                    <\/div>\n                                    <div class=\"how-we-work-list-item\">\n                        <div class=\"how-we-work-list-item-inner\">\n                            <div class=\"icon-wrapper\">\n                                <img decoding=\"async\" src=\"https:\/\/teivasystems.com\/wp-content\/uploads\/2021\/05\/Victory.svg\" class=\"\" alt=\"teiva image\">                            <\/div>\n                            <h2 class=\"list-item-title\">IMMER EIN GEWINNER<\/h2>\n                            <p class=\"list-item-text\">Wir streben unerm\u00fcdlich nach gro\u00dfen Siegen in jedem Wettbewerb. Wir garantieren, dass alle unsere Handlungen im Interesse unseres Teams, unseres Unternehmens und unserer Kunden ist.<\/p>\n                                                            <button type=\"button\" class=\"more-btn card-show-more-btn\">weiterlesen<\/button>\n                                                    <\/div>\n                    <\/div>\n                            <\/div>\n        <\/div>\n    <\/section>\n\n\n\n<section class=\"logos-list-wrapper\" style=\"background-color: #205170\">\r\n            <div class=\"logos-list\">\r\n                            <div class=\"logos-list-item\">\r\n                    <div class=\"logo-wrapper\">\r\n                        <img decoding=\"async\" src=\"https:\/\/teivasystems.com\/wp-content\/uploads\/2021\/04\/11_\u041c\u043e\u043d\u0442\u0430\u0436\u043d\u0430\u044f-\u043e\u0431\u043b\u0430\u0441\u0442\u044c-1.svg\" class=\"logo-image\" alt=\"\">\r\n                        <img decoding=\"async\" src=\"https:\/\/teivasystems.com\/wp-content\/uploads\/2021\/04\/12_\u041c\u043e\u043d\u0442\u0430\u0436\u043d\u0430\u044f-\u043e\u0431\u043b\u0430\u0441\u0442\u044c-1.svg\" class=\"logo-hover-image\" alt=\"\">\r\n                    <\/div>\r\n                <\/div>\r\n                            <div class=\"logos-list-item\">\r\n                    <div class=\"logo-wrapper\">\r\n                        <img decoding=\"async\" src=\"https:\/\/teivasystems.com\/wp-content\/uploads\/2021\/04\/21_\u041c\u043e\u043d\u0442\u0430\u0436\u043d\u0430\u044f-\u043e\u0431\u043b\u0430\u0441\u0442\u044c-1.svg\" class=\"logo-image\" alt=\"\">\r\n                        <img decoding=\"async\" src=\"https:\/\/teivasystems.com\/wp-content\/uploads\/2021\/04\/22_\u041c\u043e\u043d\u0442\u0430\u0436\u043d\u0430\u044f-\u043e\u0431\u043b\u0430\u0441\u0442\u044c-1.svg\" class=\"logo-hover-image\" alt=\"\">\r\n                    <\/div>\r\n                <\/div>\r\n                    <\/div>\r\n    <\/section>\r\n\r\n","protected":false},"excerpt":{"rendered":"","protected":false},"author":1,"featured_media":0,"parent":0,"menu_order":0,"comment_status":"closed","ping_status":"closed","template":"","meta":{"_acf_changed":false,"inline_featured_image":false,"footnotes":""},"class_list":["post-3104","page","type-page","status-publish","hentry"],"acf":[],"yoast_head":"<!-- This site is optimized with the Yoast SEO plugin v27.4 - https:\/\/yoast.com\/product\/yoast-seo-wordpress\/ -->\n<title>So arbeiten wir bei Teiva Systems. Unsere Unterschiede und Ziele<\/title>\n<meta name=\"description\" content=\"Erfahren Sie mehr \u00fcber unseren Arbeitsablauf. So kooperieren Sie mit uns. Unsere Kompetenz in verschiedenen T\u00e4tigkeitsfeldern. Gesch\u00e4ftsvorteile\" \/>\n<meta name=\"robots\" content=\"index, follow, max-snippet:-1, max-image-preview:large, max-video-preview:-1\" \/>\n<link rel=\"canonical\" href=\"https:\/\/teivasystems.com\/de\/how-we-work\/\" \/>\n<meta property=\"og:locale\" content=\"de_DE\" \/>\n<meta property=\"og:type\" content=\"article\" \/>\n<meta property=\"og:title\" content=\"So arbeiten wir bei Teiva Systems. Unsere Unterschiede und Ziele\" \/>\n<meta property=\"og:description\" content=\"Erfahren Sie mehr \u00fcber unseren Arbeitsablauf. So kooperieren Sie mit uns. Unsere Kompetenz in verschiedenen T\u00e4tigkeitsfeldern. Gesch\u00e4ftsvorteile\" \/>\n<meta property=\"og:url\" content=\"https:\/\/teivasystems.com\/de\/how-we-work\/\" \/>\n<meta property=\"og:site_name\" content=\"Teiva Systems\" \/>\n<meta property=\"article:publisher\" content=\"https:\/\/www.facebook.com\/teiva.systems\" \/>\n<meta property=\"article:modified_time\" content=\"2021-10-24T10:39:56+00:00\" \/>\n<meta name=\"twitter:card\" content=\"summary_large_image\" \/>\n<script type=\"application\/ld+json\" class=\"yoast-schema-graph\">{\"@context\":\"https:\\\/\\\/schema.org\",\"@graph\":[{\"@type\":\"WebPage\",\"@id\":\"https:\\\/\\\/teivasystems.com\\\/de\\\/how-we-work\\\/\",\"url\":\"https:\\\/\\\/teivasystems.com\\\/de\\\/how-we-work\\\/\",\"name\":\"So arbeiten wir bei Teiva Systems. Unsere Unterschiede und Ziele\",\"isPartOf\":{\"@id\":\"https:\\\/\\\/teivasystems.com\\\/de\\\/#website\"},\"datePublished\":\"2021-09-07T08:49:18+00:00\",\"dateModified\":\"2021-10-24T10:39:56+00:00\",\"description\":\"Erfahren Sie mehr \u00fcber unseren Arbeitsablauf. So kooperieren Sie mit uns. Unsere Kompetenz in verschiedenen T\u00e4tigkeitsfeldern. Gesch\u00e4ftsvorteile\",\"breadcrumb\":{\"@id\":\"https:\\\/\\\/teivasystems.com\\\/de\\\/how-we-work\\\/#breadcrumb\"},\"inLanguage\":\"de\",\"potentialAction\":[{\"@type\":\"ReadAction\",\"target\":[\"https:\\\/\\\/teivasystems.com\\\/de\\\/how-we-work\\\/\"]}]},{\"@type\":\"BreadcrumbList\",\"@id\":\"https:\\\/\\\/teivasystems.com\\\/de\\\/how-we-work\\\/#breadcrumb\",\"itemListElement\":[{\"@type\":\"ListItem\",\"position\":1,\"name\":\"Home\",\"item\":\"https:\\\/\\\/teivasystems.com\\\/de\\\/\"},{\"@type\":\"ListItem\",\"position\":2,\"name\":\"Unsere Arbeitsweise\"}]},{\"@type\":\"WebSite\",\"@id\":\"https:\\\/\\\/teivasystems.com\\\/de\\\/#website\",\"url\":\"https:\\\/\\\/teivasystems.com\\\/de\\\/\",\"name\":\"Teiva Systems\",\"description\":\"ServiceNow application development, integration and customization\",\"publisher\":{\"@id\":\"https:\\\/\\\/teivasystems.com\\\/de\\\/#organization\"},\"potentialAction\":[{\"@type\":\"SearchAction\",\"target\":{\"@type\":\"EntryPoint\",\"urlTemplate\":\"https:\\\/\\\/teivasystems.com\\\/de\\\/?s={search_term_string}\"},\"query-input\":{\"@type\":\"PropertyValueSpecification\",\"valueRequired\":true,\"valueName\":\"search_term_string\"}}],\"inLanguage\":\"de\"},{\"@type\":\"Organization\",\"@id\":\"https:\\\/\\\/teivasystems.com\\\/de\\\/#organization\",\"name\":\"Teiva Systems\",\"url\":\"https:\\\/\\\/teivasystems.com\\\/de\\\/\",\"logo\":{\"@type\":\"ImageObject\",\"inLanguage\":\"de\",\"@id\":\"https:\\\/\\\/teivasystems.com\\\/de\\\/#\\\/schema\\\/logo\\\/image\\\/\",\"url\":\"https:\\\/\\\/teivasystems.com\\\/wp-content\\\/uploads\\\/2021\\\/06\\\/cropped-favicon.png\",\"contentUrl\":\"https:\\\/\\\/teivasystems.com\\\/wp-content\\\/uploads\\\/2021\\\/06\\\/cropped-favicon.png\",\"width\":254,\"height\":254,\"caption\":\"Teiva Systems\"},\"image\":{\"@id\":\"https:\\\/\\\/teivasystems.com\\\/de\\\/#\\\/schema\\\/logo\\\/image\\\/\"},\"sameAs\":[\"https:\\\/\\\/www.facebook.com\\\/teiva.systems\",\"https:\\\/\\\/www.linkedin.com\\\/company\\\/teiva-systems\"]}]}<\/script>\n<!-- \/ Yoast SEO plugin. -->","yoast_head_json":{"title":"So arbeiten wir bei Teiva Systems. Unsere Unterschiede und Ziele","description":"Erfahren Sie mehr \u00fcber unseren Arbeitsablauf. So kooperieren Sie mit uns. Unsere Kompetenz in verschiedenen T\u00e4tigkeitsfeldern. Gesch\u00e4ftsvorteile","robots":{"index":"index","follow":"follow","max-snippet":"max-snippet:-1","max-image-preview":"max-image-preview:large","max-video-preview":"max-video-preview:-1"},"canonical":"https:\/\/teivasystems.com\/de\/how-we-work\/","og_locale":"de_DE","og_type":"article","og_title":"So arbeiten wir bei Teiva Systems. Unsere Unterschiede und Ziele","og_description":"Erfahren Sie mehr \u00fcber unseren Arbeitsablauf. So kooperieren Sie mit uns. Unsere Kompetenz in verschiedenen T\u00e4tigkeitsfeldern. Gesch\u00e4ftsvorteile","og_url":"https:\/\/teivasystems.com\/de\/how-we-work\/","og_site_name":"Teiva Systems","article_publisher":"https:\/\/www.facebook.com\/teiva.systems","article_modified_time":"2021-10-24T10:39:56+00:00","twitter_card":"summary_large_image","schema":{"@context":"https:\/\/schema.org","@graph":[{"@type":"WebPage","@id":"https:\/\/teivasystems.com\/de\/how-we-work\/","url":"https:\/\/teivasystems.com\/de\/how-we-work\/","name":"So arbeiten wir bei Teiva Systems. Unsere Unterschiede und Ziele","isPartOf":{"@id":"https:\/\/teivasystems.com\/de\/#website"},"datePublished":"2021-09-07T08:49:18+00:00","dateModified":"2021-10-24T10:39:56+00:00","description":"Erfahren Sie mehr \u00fcber unseren Arbeitsablauf. So kooperieren Sie mit uns. Unsere Kompetenz in verschiedenen T\u00e4tigkeitsfeldern. Gesch\u00e4ftsvorteile","breadcrumb":{"@id":"https:\/\/teivasystems.com\/de\/how-we-work\/#breadcrumb"},"inLanguage":"de","potentialAction":[{"@type":"ReadAction","target":["https:\/\/teivasystems.com\/de\/how-we-work\/"]}]},{"@type":"BreadcrumbList","@id":"https:\/\/teivasystems.com\/de\/how-we-work\/#breadcrumb","itemListElement":[{"@type":"ListItem","position":1,"name":"Home","item":"https:\/\/teivasystems.com\/de\/"},{"@type":"ListItem","position":2,"name":"Unsere Arbeitsweise"}]},{"@type":"WebSite","@id":"https:\/\/teivasystems.com\/de\/#website","url":"https:\/\/teivasystems.com\/de\/","name":"Teiva Systems","description":"ServiceNow application development, integration and customization","publisher":{"@id":"https:\/\/teivasystems.com\/de\/#organization"},"potentialAction":[{"@type":"SearchAction","target":{"@type":"EntryPoint","urlTemplate":"https:\/\/teivasystems.com\/de\/?s={search_term_string}"},"query-input":{"@type":"PropertyValueSpecification","valueRequired":true,"valueName":"search_term_string"}}],"inLanguage":"de"},{"@type":"Organization","@id":"https:\/\/teivasystems.com\/de\/#organization","name":"Teiva Systems","url":"https:\/\/teivasystems.com\/de\/","logo":{"@type":"ImageObject","inLanguage":"de","@id":"https:\/\/teivasystems.com\/de\/#\/schema\/logo\/image\/","url":"https:\/\/teivasystems.com\/wp-content\/uploads\/2021\/06\/cropped-favicon.png","contentUrl":"https:\/\/teivasystems.com\/wp-content\/uploads\/2021\/06\/cropped-favicon.png","width":254,"height":254,"caption":"Teiva Systems"},"image":{"@id":"https:\/\/teivasystems.com\/de\/#\/schema\/logo\/image\/"},"sameAs":["https:\/\/www.facebook.com\/teiva.systems","https:\/\/www.linkedin.com\/company\/teiva-systems"]}]}},"_links":{"self":[{"href":"https:\/\/teivasystems.com\/de\/wp-json\/wp\/v2\/pages\/3104","targetHints":{"allow":["GET"]}}],"collection":[{"href":"https:\/\/teivasystems.com\/de\/wp-json\/wp\/v2\/pages"}],"about":[{"href":"https:\/\/teivasystems.com\/de\/wp-json\/wp\/v2\/types\/page"}],"author":[{"embeddable":true,"href":"https:\/\/teivasystems.com\/de\/wp-json\/wp\/v2\/users\/1"}],"replies":[{"embeddable":true,"href":"https:\/\/teivasystems.com\/de\/wp-json\/wp\/v2\/comments?post=3104"}],"version-history":[{"count":4,"href":"https:\/\/teivasystems.com\/de\/wp-json\/wp\/v2\/pages\/3104\/revisions"}],"predecessor-version":[{"id":3665,"href":"https:\/\/teivasystems.com\/de\/wp-json\/wp\/v2\/pages\/3104\/revisions\/3665"}],"wp:attachment":[{"href":"https:\/\/teivasystems.com\/de\/wp-json\/wp\/v2\/media?parent=3104"}],"curies":[{"name":"wp","href":"https:\/\/api.w.org\/{rel}","templated":true}]}}