{"id":3089,"date":"2021-09-07T08:41:49","date_gmt":"2021-09-07T08:41:49","guid":{"rendered":"https:\/\/teivasystems.com\/?page_id=3089"},"modified":"2021-10-24T10:40:28","modified_gmt":"2021-10-24T10:40:28","slug":"become-a-partner","status":"publish","type":"page","link":"https:\/\/teivasystems.com\/de\/become-a-partner\/","title":{"rendered":"Partnerschaft"},"content":{"rendered":"\r\n<section class=\"title-with-bg-wrapper \" style=\"background-image: url('https:\/\/teivasystems.com\/wp-content\/uploads\/2021\/05\/Become-a-partner_baner-1-1.png')\">\r\n    <div class=\"title-with-bg-inner\">\r\n        <h1 class=\"with-line\">Partnerschaft<\/h1>\r\n                    <p class=\"text\">TRETEN SIE UNSEREM PARTNERNETZWERK BEI, UM IHREN GEWINN ZU ERH\u00d6HEN, IHREN KUNDENSTAMM ZU ERWEITERN UND EINEN DURCHBRUCH IN DER ENTWICKLUNG IHRES UNTERNEHMENS ZU MACHEN<\/p>\r\n                    <\/div>\r\n<\/section>\r\n\r\n\n\n<section class=\"big-image-block-wrapper\">\r\n    <div class=\"big-image-block\">\r\n        <div class=\"content-wrapper\">\r\n            <h3><strong>Technologiepartner:<\/strong><\/h3>\n<p>Wir sind immer offen f\u00fcr technologische Partnerschaften mit IT-Dienstleistungs- und Produktunternehmen, Startups und Beratungsagenturen. Als Technologieexperte k\u00f6nnen wir zum erstklassigen Partner bei der Integration, Anpassung und Entwicklung von IT-L\u00f6sungen werden. Wir sind stolz auf unsere Fachkenntnisse und unsere langj\u00e4hrige Erfahrung und unterst\u00fctzen unsere Partner gerne bei allen Prozessen.<\/p>\n<h4><strong>Unsere Vorteile:<\/strong><\/h4>\n<ul>\n<li>Die durchschnittliche Berufserfahrung unserer Entwickler betr\u00e4gt 5 Jahre<\/li>\n<li>Einschl\u00e4gige Erfahrung in allen Schl\u00fcsselbranchen<\/li>\n<li>Sie erweitern Ihr IT-Dienstleistungsportfolio f\u00fcr den weiteren Ausbau Ihres<br \/>\nKundenstamms<\/li>\n<li>Sie werden in der Lage sein, selbst mit Kunden umzugehen, ohne nach<br \/>\nAuftragnehmern bei Wettbewerbern suchen zu m\u00fcssen<\/li>\n<li>Profitieren Sie von unserer langj\u00e4hrigen Zusammenarbeit<\/li>\n<\/ul>\n        <\/div>\r\n    <\/div>\r\n    <img decoding=\"async\" src=\"https:\/\/teivasystems.com\/wp-content\/uploads\/2021\/06\/Become-a-partner-1.png\" class=\"big-bg-image\" alt=\"teiva image\"><\/section>\r\n\r\n\n\n<section class=\"content-with-image-block-wrapper\">\r\n    <div class=\"content-image-wrapper\">\r\n        <img decoding=\"async\" src=\"https:\/\/teivasystems.com\/wp-content\/uploads\/2021\/05\/Become-a-partner_men-communicate.jpg\" class=\"content-image\" alt=\"teiva image\"><!--        <img decoding=\"async\" src=\"--><!--\" class=\"content-image\" alt=\"\">-->\r\n    <\/div>\r\n    <div class=\"content-wrapper\">\r\n            <h3><strong>Gesch\u00e4ftspartner:<\/strong><\/h3>\n<p>Teiva Systems ist offen f\u00fcr die Zusammenarbeit mit Handelsvertretern, die unsere Dienstleistungen Neukunden nicht nur eigenst\u00e4ndig, sondern auch in anderen Regionen anbieten k\u00f6nnen. Wir bieten transparente Gesch\u00e4ftsbedingungen, eine Probezeit, umfassendes Wachstum und professionelle Unterst\u00fctzung \u2013 alles, was Sie f\u00fcr den Aufbau eines erfolgreichen und wettbewerbsf\u00e4higen Unternehmens ben\u00f6tigen.<\/p>\n<h4><strong>Unsere Vorteile:<\/strong><\/h4>\n<ul>\n<li>Mit Hilfe unserer Spezialisten steigern Sie das Einkommen Ihres Unternehmens<\/li>\n<li>Wir arbeiten nicht nur an neuen Projekten, sondern \u00fcbernehmen auch die<br \/>\nlaufenden Projekte<\/li>\n<li>Umfassende Unterst\u00fctzung von Beratung und Auditierung bis hin zu<br \/>\nEntwicklung, Anpassung und Integration<\/li>\n<li>Flexible Partnerschaftsbedingungen \u2013 wir k\u00f6nnen sowohl einen einzigen<br \/>\nSpezialisten als auch ein komplettes Team f\u00fcr das Projekt einsetzen<\/li>\n<li>Transparente Gesch\u00e4ftsbedingungen<\/li>\n<\/ul>\n        <\/div>\r\n<\/section>\r\n\r\n\n\n<section class=\"partner-form-wrapper\">\n    <h2 class=\"form-title\">Treten Sie unserem Partnerprogramm bei, um alle Vorteile einer Zusammenarbeit mit uns zu genie\u00dfen<\/h2>\n    <form action=\"\" method=\"post\" class=\"contact-form partner-form\">\n        <div class=\"left-part\">\n            <input type=\"text\" name=\"first_name\" placeholder=\"Vorname*\" required>\n            <input type=\"text\" name=\"last_name\" placeholder=\"Familienname*\" required>\n            <select name=\"partnership_type\" data-placeholder=\"Art der Partnerschaft*\" required>\n                <option value=\"\" disabled selected>Art der Partnerschaft*<\/option>\n                <option value=\"Gesch\u00e4ftspartner\">Gesch\u00e4ftspartner<\/option><option value=\"Technologiepartner\">Technologiepartner<\/option>            <\/select>\n            <input type=\"email\" name=\"email\" placeholder=\"E-Mail* \">\n            <input type=\"text\" name=\"company\" placeholder=\"Unternehmen\">\n            <input type=\"text\" name=\"position\" placeholder=\"Ihre Position \/ Berufsbezeichnung\">\n        <\/div>\n        <div class=\"right-part\">\n            <textarea name=\"message\" placeholder=\"Ihre Nachricht\"><\/textarea>\n\n            <div class=\"gglcptch gglcptch_v2\"><div id=\"gglcptch_recaptcha_3938699607\" class=\"gglcptch_recaptcha\"><\/div>\n\t\t\t\t<noscript>\n\t\t\t\t\t<div style=\"width: 302px;\">\n\t\t\t\t\t\t<div style=\"width: 302px; height: 422px; position: relative;\">\n\t\t\t\t\t\t\t<div style=\"width: 302px; height: 422px; position: absolute;\">\n\t\t\t\t\t\t\t\t<iframe src=\"https:\/\/www.google.com\/recaptcha\/api\/fallback?k=6LcyrgomAAAAAMJkPsCxCxpadQBV4qmi-lbUxJBj\" frameborder=\"0\" scrolling=\"no\" style=\"width: 302px; height:422px; border-style: none;\"><\/iframe>\n\t\t\t\t\t\t\t<\/div>\n\t\t\t\t\t\t<\/div>\n\t\t\t\t\t\t<div style=\"border-style: none; bottom: 12px; left: 25px; margin: 0px; padding: 0px; right: 25px; background: #f9f9f9; border: 1px solid #c1c1c1; border-radius: 3px; height: 60px; width: 300px;\">\n\t\t\t\t\t\t\t<textarea id=\"g-recaptcha-response\" name=\"g-recaptcha-response\" class=\"g-recaptcha-response\" style=\"width: 250px !important; height: 40px !important; border: 1px solid #c1c1c1 !important; margin: 10px 25px !important; padding: 0px !important; resize: none !important;\"><\/textarea>\n\t\t\t\t\t\t<\/div>\n\t\t\t\t\t<\/div>\n\t\t\t\t<\/noscript><\/div>\n            <div class=\"form-info-wrapper\">\n                <div class=\"agreement-wrapper\">\n                    <input type=\"checkbox\" id=\"agreement-checkbox\" required>\n                    <label for=\"agreement-checkbox\" class=\"agreement-label\">\n                        <span class=\"agreement-checker\"><\/span>\n                        <a href=\"https:\/\/teivasystems.com\/de\/private-policy\/\" class=\"agreement-link\">Privacy Policy (GDPR)<\/a>\n                    <\/label>\n                <\/div>\n                <p class=\"tip-text\">* Pflichtfelder<\/p>\n            <\/div>\n            <button type=\"submit\" class=\"standard-btn red-btn\"><span class=\"inner-btn\">Abschicken<\/span><\/button>\n\n            <input type=\"hidden\" name=\"action\" value=\"become_a_partner_form\"><input type=\"hidden\" id=\"_wp_nonce\" name=\"_wp_nonce\" value=\"4a63b93058\" \/><input type=\"hidden\" name=\"_wp_http_referer\" value=\"\/de\/wp-json\/wp\/v2\/pages\/3089\" \/>            <input type=\"hidden\" name=\"btn_click_reference_page_title\" value=\"\"><input type=\"hidden\" name=\"btn_click_reference_page_url\" value=\"\">\n        <\/div>\n    <\/form>\n\n<!--    <div class=\"overlay success-overlay\">-->\n<!--        <div class=\"popup\">-->\n<!--            <h2 class=\"with-line\">--><!--.<br>-->\n<!--                --><!--. <\/h2>-->\n<!--            <p>--><!--.<\/p>-->\n<!--            <button class=\"standard-btn red-btn close-popup-btn refresh-page-btn\"><span class=\"btn-inner\">--><!--<\/span><\/button>-->\n<!--        <\/div>-->\n<!--    <\/div>-->\n<\/section>\n\n\n\n<section class=\"logos-list-wrapper\" style=\"background-color: #205170\">\r\n            <div class=\"logos-list\">\r\n                            <div class=\"logos-list-item\">\r\n                    <div class=\"logo-wrapper\">\r\n                        <img decoding=\"async\" src=\"https:\/\/teivasystems.com\/wp-content\/uploads\/2021\/04\/11_\u041c\u043e\u043d\u0442\u0430\u0436\u043d\u0430\u044f-\u043e\u0431\u043b\u0430\u0441\u0442\u044c-1.svg\" class=\"logo-image\" alt=\"\">\r\n                        <img decoding=\"async\" src=\"https:\/\/teivasystems.com\/wp-content\/uploads\/2021\/04\/12_\u041c\u043e\u043d\u0442\u0430\u0436\u043d\u0430\u044f-\u043e\u0431\u043b\u0430\u0441\u0442\u044c-1.svg\" class=\"logo-hover-image\" alt=\"\">\r\n                    <\/div>\r\n                <\/div>\r\n                            <div class=\"logos-list-item\">\r\n                    <div class=\"logo-wrapper\">\r\n                        <img decoding=\"async\" src=\"https:\/\/teivasystems.com\/wp-content\/uploads\/2021\/04\/21_\u041c\u043e\u043d\u0442\u0430\u0436\u043d\u0430\u044f-\u043e\u0431\u043b\u0430\u0441\u0442\u044c-1.svg\" class=\"logo-image\" alt=\"\">\r\n                        <img decoding=\"async\" src=\"https:\/\/teivasystems.com\/wp-content\/uploads\/2021\/04\/22_\u041c\u043e\u043d\u0442\u0430\u0436\u043d\u0430\u044f-\u043e\u0431\u043b\u0430\u0441\u0442\u044c-1.svg\" class=\"logo-hover-image\" alt=\"\">\r\n                    <\/div>\r\n                <\/div>\r\n                    <\/div>\r\n    <\/section>\r\n\r\n","protected":false},"excerpt":{"rendered":"","protected":false},"author":1,"featured_media":0,"parent":0,"menu_order":0,"comment_status":"closed","ping_status":"closed","template":"","meta":{"_acf_changed":false,"inline_featured_image":false,"footnotes":""},"class_list":["post-3089","page","type-page","status-publish","hentry"],"acf":[],"yoast_head":"<!-- This site is optimized with the Yoast SEO plugin v27.4 - https:\/\/yoast.com\/product\/yoast-seo-wordpress\/ -->\n<title>Treten Sie Teiva Systems als unser Partner bei<\/title>\n<meta name=\"description\" content=\"Gesch\u00e4ftspartnerschaft mit Teiva Systems. Erhalten Sie durch den Beitritt zur Teiva Systems-Familie alle Vorteile in Bezug auf die Zusammenarbeit. Lassen Sie uns zusammen arbeiten!\" \/>\n<meta name=\"robots\" content=\"index, follow, max-snippet:-1, max-image-preview:large, max-video-preview:-1\" \/>\n<link rel=\"canonical\" href=\"https:\/\/teivasystems.com\/de\/become-a-partner\/\" \/>\n<meta property=\"og:locale\" content=\"de_DE\" \/>\n<meta property=\"og:type\" content=\"article\" \/>\n<meta property=\"og:title\" content=\"Treten Sie Teiva Systems als unser Partner bei\" \/>\n<meta property=\"og:description\" content=\"Gesch\u00e4ftspartnerschaft mit Teiva Systems. Erhalten Sie durch den Beitritt zur Teiva Systems-Familie alle Vorteile in Bezug auf die Zusammenarbeit. Lassen Sie uns zusammen arbeiten!\" \/>\n<meta property=\"og:url\" content=\"https:\/\/teivasystems.com\/de\/become-a-partner\/\" \/>\n<meta property=\"og:site_name\" content=\"Teiva Systems\" \/>\n<meta property=\"article:publisher\" content=\"https:\/\/www.facebook.com\/teiva.systems\" \/>\n<meta property=\"article:modified_time\" content=\"2021-10-24T10:40:28+00:00\" \/>\n<meta name=\"twitter:card\" content=\"summary_large_image\" \/>\n<script type=\"application\/ld+json\" class=\"yoast-schema-graph\">{\"@context\":\"https:\\\/\\\/schema.org\",\"@graph\":[{\"@type\":\"WebPage\",\"@id\":\"https:\\\/\\\/teivasystems.com\\\/de\\\/become-a-partner\\\/\",\"url\":\"https:\\\/\\\/teivasystems.com\\\/de\\\/become-a-partner\\\/\",\"name\":\"Treten Sie Teiva Systems als unser Partner bei\",\"isPartOf\":{\"@id\":\"https:\\\/\\\/teivasystems.com\\\/de\\\/#website\"},\"datePublished\":\"2021-09-07T08:41:49+00:00\",\"dateModified\":\"2021-10-24T10:40:28+00:00\",\"description\":\"Gesch\u00e4ftspartnerschaft mit Teiva Systems. Erhalten Sie durch den Beitritt zur Teiva Systems-Familie alle Vorteile in Bezug auf die Zusammenarbeit. Lassen Sie uns zusammen arbeiten!\",\"breadcrumb\":{\"@id\":\"https:\\\/\\\/teivasystems.com\\\/de\\\/become-a-partner\\\/#breadcrumb\"},\"inLanguage\":\"de\",\"potentialAction\":[{\"@type\":\"ReadAction\",\"target\":[\"https:\\\/\\\/teivasystems.com\\\/de\\\/become-a-partner\\\/\"]}]},{\"@type\":\"BreadcrumbList\",\"@id\":\"https:\\\/\\\/teivasystems.com\\\/de\\\/become-a-partner\\\/#breadcrumb\",\"itemListElement\":[{\"@type\":\"ListItem\",\"position\":1,\"name\":\"Home\",\"item\":\"https:\\\/\\\/teivasystems.com\\\/de\\\/\"},{\"@type\":\"ListItem\",\"position\":2,\"name\":\"Partnerschaft\"}]},{\"@type\":\"WebSite\",\"@id\":\"https:\\\/\\\/teivasystems.com\\\/de\\\/#website\",\"url\":\"https:\\\/\\\/teivasystems.com\\\/de\\\/\",\"name\":\"Teiva Systems\",\"description\":\"ServiceNow application development, integration and customization\",\"publisher\":{\"@id\":\"https:\\\/\\\/teivasystems.com\\\/de\\\/#organization\"},\"potentialAction\":[{\"@type\":\"SearchAction\",\"target\":{\"@type\":\"EntryPoint\",\"urlTemplate\":\"https:\\\/\\\/teivasystems.com\\\/de\\\/?s={search_term_string}\"},\"query-input\":{\"@type\":\"PropertyValueSpecification\",\"valueRequired\":true,\"valueName\":\"search_term_string\"}}],\"inLanguage\":\"de\"},{\"@type\":\"Organization\",\"@id\":\"https:\\\/\\\/teivasystems.com\\\/de\\\/#organization\",\"name\":\"Teiva Systems\",\"url\":\"https:\\\/\\\/teivasystems.com\\\/de\\\/\",\"logo\":{\"@type\":\"ImageObject\",\"inLanguage\":\"de\",\"@id\":\"https:\\\/\\\/teivasystems.com\\\/de\\\/#\\\/schema\\\/logo\\\/image\\\/\",\"url\":\"https:\\\/\\\/teivasystems.com\\\/wp-content\\\/uploads\\\/2021\\\/06\\\/cropped-favicon.png\",\"contentUrl\":\"https:\\\/\\\/teivasystems.com\\\/wp-content\\\/uploads\\\/2021\\\/06\\\/cropped-favicon.png\",\"width\":254,\"height\":254,\"caption\":\"Teiva Systems\"},\"image\":{\"@id\":\"https:\\\/\\\/teivasystems.com\\\/de\\\/#\\\/schema\\\/logo\\\/image\\\/\"},\"sameAs\":[\"https:\\\/\\\/www.facebook.com\\\/teiva.systems\",\"https:\\\/\\\/www.linkedin.com\\\/company\\\/teiva-systems\"]}]}<\/script>\n<!-- \/ Yoast SEO plugin. -->","yoast_head_json":{"title":"Treten Sie Teiva Systems als unser Partner bei","description":"Gesch\u00e4ftspartnerschaft mit Teiva Systems. Erhalten Sie durch den Beitritt zur Teiva Systems-Familie alle Vorteile in Bezug auf die Zusammenarbeit. Lassen Sie uns zusammen arbeiten!","robots":{"index":"index","follow":"follow","max-snippet":"max-snippet:-1","max-image-preview":"max-image-preview:large","max-video-preview":"max-video-preview:-1"},"canonical":"https:\/\/teivasystems.com\/de\/become-a-partner\/","og_locale":"de_DE","og_type":"article","og_title":"Treten Sie Teiva Systems als unser Partner bei","og_description":"Gesch\u00e4ftspartnerschaft mit Teiva Systems. Erhalten Sie durch den Beitritt zur Teiva Systems-Familie alle Vorteile in Bezug auf die Zusammenarbeit. Lassen Sie uns zusammen arbeiten!","og_url":"https:\/\/teivasystems.com\/de\/become-a-partner\/","og_site_name":"Teiva Systems","article_publisher":"https:\/\/www.facebook.com\/teiva.systems","article_modified_time":"2021-10-24T10:40:28+00:00","twitter_card":"summary_large_image","schema":{"@context":"https:\/\/schema.org","@graph":[{"@type":"WebPage","@id":"https:\/\/teivasystems.com\/de\/become-a-partner\/","url":"https:\/\/teivasystems.com\/de\/become-a-partner\/","name":"Treten Sie Teiva Systems als unser Partner bei","isPartOf":{"@id":"https:\/\/teivasystems.com\/de\/#website"},"datePublished":"2021-09-07T08:41:49+00:00","dateModified":"2021-10-24T10:40:28+00:00","description":"Gesch\u00e4ftspartnerschaft mit Teiva Systems. Erhalten Sie durch den Beitritt zur Teiva Systems-Familie alle Vorteile in Bezug auf die Zusammenarbeit. Lassen Sie uns zusammen arbeiten!","breadcrumb":{"@id":"https:\/\/teivasystems.com\/de\/become-a-partner\/#breadcrumb"},"inLanguage":"de","potentialAction":[{"@type":"ReadAction","target":["https:\/\/teivasystems.com\/de\/become-a-partner\/"]}]},{"@type":"BreadcrumbList","@id":"https:\/\/teivasystems.com\/de\/become-a-partner\/#breadcrumb","itemListElement":[{"@type":"ListItem","position":1,"name":"Home","item":"https:\/\/teivasystems.com\/de\/"},{"@type":"ListItem","position":2,"name":"Partnerschaft"}]},{"@type":"WebSite","@id":"https:\/\/teivasystems.com\/de\/#website","url":"https:\/\/teivasystems.com\/de\/","name":"Teiva Systems","description":"ServiceNow application development, integration and customization","publisher":{"@id":"https:\/\/teivasystems.com\/de\/#organization"},"potentialAction":[{"@type":"SearchAction","target":{"@type":"EntryPoint","urlTemplate":"https:\/\/teivasystems.com\/de\/?s={search_term_string}"},"query-input":{"@type":"PropertyValueSpecification","valueRequired":true,"valueName":"search_term_string"}}],"inLanguage":"de"},{"@type":"Organization","@id":"https:\/\/teivasystems.com\/de\/#organization","name":"Teiva Systems","url":"https:\/\/teivasystems.com\/de\/","logo":{"@type":"ImageObject","inLanguage":"de","@id":"https:\/\/teivasystems.com\/de\/#\/schema\/logo\/image\/","url":"https:\/\/teivasystems.com\/wp-content\/uploads\/2021\/06\/cropped-favicon.png","contentUrl":"https:\/\/teivasystems.com\/wp-content\/uploads\/2021\/06\/cropped-favicon.png","width":254,"height":254,"caption":"Teiva Systems"},"image":{"@id":"https:\/\/teivasystems.com\/de\/#\/schema\/logo\/image\/"},"sameAs":["https:\/\/www.facebook.com\/teiva.systems","https:\/\/www.linkedin.com\/company\/teiva-systems"]}]}},"_links":{"self":[{"href":"https:\/\/teivasystems.com\/de\/wp-json\/wp\/v2\/pages\/3089","targetHints":{"allow":["GET"]}}],"collection":[{"href":"https:\/\/teivasystems.com\/de\/wp-json\/wp\/v2\/pages"}],"about":[{"href":"https:\/\/teivasystems.com\/de\/wp-json\/wp\/v2\/types\/page"}],"author":[{"embeddable":true,"href":"https:\/\/teivasystems.com\/de\/wp-json\/wp\/v2\/users\/1"}],"replies":[{"embeddable":true,"href":"https:\/\/teivasystems.com\/de\/wp-json\/wp\/v2\/comments?post=3089"}],"version-history":[{"count":12,"href":"https:\/\/teivasystems.com\/de\/wp-json\/wp\/v2\/pages\/3089\/revisions"}],"predecessor-version":[{"id":3666,"href":"https:\/\/teivasystems.com\/de\/wp-json\/wp\/v2\/pages\/3089\/revisions\/3666"}],"wp:attachment":[{"href":"https:\/\/teivasystems.com\/de\/wp-json\/wp\/v2\/media?parent=3089"}],"curies":[{"name":"wp","href":"https:\/\/api.w.org\/{rel}","templated":true}]}}